
{"id":2390,"date":"2022-06-27T13:04:35","date_gmt":"2022-06-27T11:04:35","guid":{"rendered":"https:\/\/raimatartsfestival.org\/avis-legal\/"},"modified":"2023-07-05T21:45:02","modified_gmt":"2023-07-05T19:45:02","slug":"avis-legal","status":"publish","type":"page","link":"https:\/\/raimatartsfestival.org\/ca\/avis-legal\/","title":{"rendered":"Av\u00eds legal"},"content":{"rendered":"\t\t<div data-elementor-type=\"wp-page\" data-elementor-id=\"2390\" class=\"elementor elementor-2390 elementor-43\" data-elementor-post-type=\"page\">\n\t\t\t\t\t\t<section class=\"elementor-section elementor-top-section elementor-element elementor-element-cb61e9e elementor-section-boxed elementor-section-height-default elementor-section-height-default\" data-id=\"cb61e9e\" data-element_type=\"section\" data-e-type=\"section\">\n\t\t\t\t\t\t<div class=\"elementor-container elementor-column-gap-default\">\n\t\t\t\t\t<div class=\"elementor-column elementor-col-100 elementor-top-column elementor-element elementor-element-c2c6dcd\" data-id=\"c2c6dcd\" data-element_type=\"column\" data-e-type=\"column\">\n\t\t\t<div class=\"elementor-widget-wrap elementor-element-populated\">\n\t\t\t\t\t\t<div class=\"elementor-element elementor-element-79de34e elementor-widget elementor-widget-heading\" data-id=\"79de34e\" data-element_type=\"widget\" data-e-type=\"widget\" data-widget_type=\"heading.default\">\n\t\t\t\t<div class=\"elementor-widget-container\">\n\t\t\t\t\t<h2 class=\"elementor-heading-title elementor-size-default\">Av\u00eds legal<\/h2>\t\t\t\t<\/div>\n\t\t\t\t<\/div>\n\t\t\t\t<div class=\"elementor-element elementor-element-a889795 elementor-widget elementor-widget-text-editor\" data-id=\"a889795\" data-element_type=\"widget\" data-e-type=\"widget\" data-widget_type=\"text-editor.default\">\n\t\t\t\t<div class=\"elementor-widget-container\">\n\t\t\t\t\t\t\t\t\t<h2><ol><li>INFORMACI\u00d3N DE LA SOCIEDAD<\/li><\/ol><\/h2>\n<p>En nom de complir amb la normativa definida a la Llei 34\/2002, de 11 de juliol, de Serveis de la Societat de la Informaci\u00f3 i de Comer\u00e7 Electr\u00f2nic, indiquem a continuaci\u00f3 les dades d\u2019informaci\u00f3 general d\u2019aquesta p\u00e0gina web:<\/p>\n<p>Titular: CASTELL DE RAYMAT, SL<\/p>\n<p>Domicili: Castell, 2 \u2013 25111 Raimat, Lleida, Spain<\/p>\n<p>Registre Mercantil de Lleida<\/p>\n<p>NIF: B25858945<\/p>\n<p><\/p>\n<h2><ol start=\"2\"><li>OBJETO<\/li><\/ol><\/h2>\n<p>Este aviso legal regula el acceso y uso por parte de cualquier usuario de las p\u00e1ginas que integran el dominio web https:\/\/raimatartsfestival.org\/ (en adelante, \u201cp\u00e1gina web\u201d), titularidad de CASTELL DE RAYMAT, SL, as\u00ed como los contenidos y servicios que en ellas se incluyen.<\/p>\n<p>L\u2019acc\u00e9s a aquesta p\u00e0gina web o la seva utilitzaci\u00f3 per l\u2019usuari implica necess\u00e0riament, i sense reserves, la submissi\u00f3 i acceptaci\u00f3 d\u2019aquestes condicions generals. Per tant, es recomana que l\u2019usuari les llegeixi detingudament.<\/p>\n<p>CASTELL DE RAYMAT, SL se reserva la facultad de efectuar, en cualquier momento y sin necesidad de preaviso alguno, cualquier modificaci\u00f3n o actualizaci\u00f3n de los contenidos y servicios, de las condiciones generales y, en general, de cuantos elementos integren el dise\u00f1o y la configuraci\u00f3n de su p\u00e1gina web.<\/p>\n<p><\/p>\n<h2><ol start=\"3\"><li>ACCESO Y USO DE LA WEB<\/li><\/ol><\/h2>\n<p>Els continguts d\u2019aquest lloc web tenen com a objecte el facilitar una informaci\u00f3 de car\u00e0cter general i en cap cas constitueixen assessorament professional. CASTELL DE RAYMAT, SL ni ninguno de los miembros, a t\u00edtulo individual y\/o colectivo, acepta ning\u00fan tipo de responsabilidad por da\u00f1os y perjuicios ocasionados por el uso que se haga de la informaci\u00f3n contenida el sitio web.<\/p>\n<p>CASTELL DE RAYMAT, SL no se hace responsable del contenido de otros sitios web vinculados o accesibles desde este sitio web a trav\u00e9s de enlaces de hipertexto. La inclusi\u00f3n de v\u00ednculos con otros sitios web no implica la aprobaci\u00f3n de sus contenidos por parte de CASTELL DE RAYMAT, SL ni la existencia de ning\u00fan tipo de asociaci\u00f3n entre CASTELL DE RAYMAT, SL y sus titulares.<\/p>\n<p>La copia, reproducci\u00f3n, transmisi\u00f3n, distribuci\u00f3n o publicaci\u00f3n de los contenidos de este sitio web est\u00e1n prohibidas sin el previo consentimiento expreso de CASTELL DE RAYMAT, SL. Es permet la reproducci\u00f3 i emmagatzematge temporal dels continguts de la p\u00e0gina web en tant aix\u00f2 sigui estrictament necessari per a l\u2019\u00fas i visualitzaci\u00f3 del lloc web des d\u2019un ordinador personal.<\/p>\n<p>CASTELL DE RAYMAT, SL no ser\u00e1 responsable de los da\u00f1os derivados de la utilizaci\u00f3n de este sitio web, ni de cualquier actuaci\u00f3n realizada sobre la base de la informaci\u00f3n que en ella se facilita.<\/p>\n<p>El propietari d\u2019aquest lloc web tampoc es fa responsable dels danys inform\u00e0tics o d\u2019altre tipus que pogu\u00e9s ocasionar a l\u2019usuari visitant l\u2019acc\u00e9s als continguts d\u2019aquest lloc. Por ello, CASTELL DE RAYMAT, SL no garantiza la ausencia de virus u otros elementos lesivos que pudieran causar da\u00f1os o alteraciones en el sistema inform\u00e1tico, en los documentos electr\u00f3nicos o en los ficheros del usuario de este sitio web. En consecuencia, CASTELL DE RAYMAT, SL no responde por los da\u00f1os y perjuicios que tales elementos pudieran ocasionar al usuario o a terceros.<\/p>\n<p><\/p>\n<h4><h2><ol start=\"4\"><li>DERECHOS DE PROPIEDAD INTELECTUAL E INDUSTRIAL<\/li><\/ol><\/h2><\/h4>\n<p>CASTELL DE RAYMAT, SL no cede ning\u00fan derecho de propiedad intelectual o industrial sobre la p\u00e1gina web ni sobre ninguno de sus elementos integrantes, quedando expresamente prohibidos al Usuario la reproducci\u00f3n, transformaci\u00f3n, distribuci\u00f3n, comunicaci\u00f3n p\u00fablica, puesta a disposici\u00f3n, extracci\u00f3n, reutilizaci\u00f3n, reenv\u00edo o la utilizaci\u00f3n de cualquier naturaleza, por cualquier medio o procedimiento, de cualquiera de ellos, salvo en los casos en que est\u00e9 legalmente permitido o sea autorizado por el titular de los correspondientes derechos.<\/p>\n<p>L\u2019Usuari podr\u00e0 visualitzar i obtenir una c\u00f2pia privada temporal dels Continguts per al seu exclusiu \u00fas personal i privat en els seus sistemes inform\u00e0tics (programari i maquinari), sempre que no sigui amb la finalitat de desenvolupar activitats de car\u00e0cter comercial o professional. El Usuario deber\u00e1 respetar en todo momento todos los derechos de propiedad intelectual e industrial sobre la web, de titularidad de CASTELL DE RAYMAT, SL o de terceros.<\/p>\n<p><\/p>\n<h2><ol start=\"5\"><li>PROTECCI\u00d3N DE DATOS DE CAR\u00c1CTER PERSONAL<\/li><\/ol><\/h2>\n<p>A los efectos de lo previsto en el Reglamento General de protecci\u00f3n de Datos, y dem\u00e1s legislaci\u00f3n aplicable, la Pol\u00edtica de Privacidad de CASTELL DE RAYMAT, SL queda determinada por lo establecido en el documento disponible en la p\u00e1gina web:&nbsp;<a href=\"https:\/\/raimatartsfestival.org\/politica-privacidad-cookies\/\">POL\u00cdTICA DE PRIVACIDAD Y COOKIES<\/a>.<\/p>\n<p><\/p>\n<h2><ol start=\"6\"><li>LEY APLICABLE Y JURISDICCI\u00d3N<\/li><\/ol><\/h2>\n<p>Els presents termes i condicions es regeixen per la legislaci\u00f3 espanyola. La interpretaci\u00f3 i resoluci\u00f3 de qualsevol conflicte que es pugui derivar de la participaci\u00f3 de l\u2019usuari en els serveis d\u2019aquesta web estar\u00e0 subjecta als Jutjats i Tribunals de Lleida.<\/p>\n<p><\/p>\n<h2><ol start=\"7\"><li>DIRECCI\u00d3N DE CONTACTO<\/li><\/ol><\/h2>\n<p>En caso de que cualquier Usuario tuviese alguna duda acerca de este Aviso Legal o cualquier comentario sobre el dominio web&nbsp;<a href=\"https:\/\/raimatartsfestival.org\/www.raimatartsfestival.org\">https:\/www.raimatartsfestival.org<\/a>, por favor dir\u00edjase a&nbsp;<a href=\"mailto:hola@raimatartsfestival.org\">hola@raimatartsfestival.org<\/a><\/p>\n<p><\/p>\n<p>\u00a9 2023 CASTELL DE RAYMAT, SL. Prohibida la seva reproducci\u00f3 total o parcial. Reservats tots els drets.<\/p>\t\t\t\t\t\t\t\t<\/div>\n\t\t\t\t<\/div>\n\t\t\t\t\t<\/div>\n\t\t<\/div>\n\t\t\t\t\t<\/div>\n\t\t<\/section>\n\t\t\t\t<\/div>\n\t\t","protected":false},"excerpt":{"rendered":"<p>INFORMACI\u00d3N DE LA SOCIEDAD En nom de complir amb la normativa definida a la Llei 34\/2002, de 11 de juliol, de Serveis de la Societat de la Informaci\u00f3 i de Comer\u00e7 Electr\u00f2nic, indiquem a continuaci\u00f3 les dades d\u2019informaci\u00f3 general d\u2019aquesta p\u00e0gina web: Titular: CASTELL DE RAYMAT, SL Domicili: Castell, 2 \u2013 25111 Raimat, Lleida, Spain [&hellip;]<\/p>\n","protected":false},"author":1,"featured_media":0,"parent":0,"menu_order":0,"comment_status":"closed","ping_status":"closed","template":"elementor_header_footer","meta":{"footnotes":""},"class_list":["post-2390","page","type-page","status-publish","hentry"],"_links":{"self":[{"href":"https:\/\/raimatartsfestival.org\/ca\/wp-json\/wp\/v2\/pages\/2390","targetHints":{"allow":["GET"]}}],"collection":[{"href":"https:\/\/raimatartsfestival.org\/ca\/wp-json\/wp\/v2\/pages"}],"about":[{"href":"https:\/\/raimatartsfestival.org\/ca\/wp-json\/wp\/v2\/types\/page"}],"author":[{"embeddable":true,"href":"https:\/\/raimatartsfestival.org\/ca\/wp-json\/wp\/v2\/users\/1"}],"replies":[{"embeddable":true,"href":"https:\/\/raimatartsfestival.org\/ca\/wp-json\/wp\/v2\/comments?post=2390"}],"version-history":[{"count":0,"href":"https:\/\/raimatartsfestival.org\/ca\/wp-json\/wp\/v2\/pages\/2390\/revisions"}],"wp:attachment":[{"href":"https:\/\/raimatartsfestival.org\/ca\/wp-json\/wp\/v2\/media?parent=2390"}],"curies":[{"name":"wp","href":"https:\/\/api.w.org\/{rel}","templated":true}]}}